{"id":820,"date":"2021-07-12T08:33:13","date_gmt":"2021-07-12T08:33:13","guid":{"rendered":"http:\/\/letempledartemis.com\/?page_id=820"},"modified":"2021-07-12T09:12:56","modified_gmt":"2021-07-12T09:12:56","slug":"jomonko-spicy-honey-du-temple-dartemis","status":"publish","type":"page","link":"http:\/\/letempledartemis.com\/index.php\/services\/jomonko-spicy-honey-du-temple-dartemis\/","title":{"rendered":""},"content":{"rendered":"\n<div class=\"wp-block-image\"><figure class=\"aligncenter size-large\"><img loading=\"lazy\" decoding=\"async\" width=\"1024\" height=\"576\" src=\"http:\/\/letempledartemis.com\/wp-content\/uploads\/2021\/07\/image-jomon-page-perso-1024x576.jpg\" alt=\"\" class=\"wp-image-826\" srcset=\"http:\/\/letempledartemis.com\/wp-content\/uploads\/2021\/07\/image-jomon-page-perso-1024x576.jpg 1024w, http:\/\/letempledartemis.com\/wp-content\/uploads\/2021\/07\/image-jomon-page-perso-300x169.jpg 300w, http:\/\/letempledartemis.com\/wp-content\/uploads\/2021\/07\/image-jomon-page-perso-768x432.jpg 768w, http:\/\/letempledartemis.com\/wp-content\/uploads\/2021\/07\/image-jomon-page-perso.jpg 1080w\" sizes=\"auto, (max-width: 1024px) 100vw, 1024px\" \/><\/figure><\/div>\n\n\n\n<p class=\"has-text-align-center has-luminous-vivid-orange-color has-text-color\" style=\"font-size:32px\"><strong>Jomon&rsquo;Ko Spicy Honey du Temple d&rsquo;Art\u00e9mis<\/strong><\/p>\n\n\n\n<p class=\"has-text-align-center\" style=\"font-size:14px\"><strong>Flint&rsquo;on de la L\u00e9gende du Chene  X &nbsp;Genkini Carini du Temple d&rsquo;Art\u00e9mis<\/strong><\/p>\n\n\n\n<p class=\"has-text-align-center\" style=\"font-size:14px\"><strong>N\u00e9e le 03 Juillet 2014<\/strong><\/p>\n\n\n\n<p><\/p>\n\n\n\n<figure class=\"wp-block-table aligncenter is-style-stripes\"><table><tbody><tr><td><em>&nbsp;LOF<\/em><\/td><td><em>Identification<\/em><\/td><td><em>&nbsp;HD \/ ED<\/em><\/td><td><em>LPN<\/em><\/td><td><em>&nbsp;TAN<\/em><\/td><td><em>&nbsp;Cotation SCC<\/em><\/td><\/tr><tr><td><em><strong>&nbsp;32565\/<\/strong><\/em><strong>6810<\/strong><\/td><td><em><strong>250269810517385&nbsp;<\/strong><\/em><\/td><td><strong><em>HD : AA<br>ED : 0<\/em><\/strong><\/td><td><em>&nbsp;<strong>LPN1 : N\/N<\/strong><\/em><br><em><strong>LPN2 : N\/N<\/strong><\/em><\/td><td><em>&nbsp;<strong>Ok<\/strong><\/em><\/td><td><\/td><\/tr><\/tbody><\/table><\/figure>\n\n\n\n<p class=\"has-text-align-center\">Voir sa page sur<a href=\"https:\/\/www.centrale-canine.fr\/lofselect\/chien\/jomonko-spicy-honey-du-temple-dartemis-6016774\" title=\"https:\/\/www.centrale-canine.fr\/lofselect\/chien\/jomonko-spicy-honey-du-temple-dartemis-6016774\"> LOF Select<\/a><\/p>\n\n\n\n<div class=\"wp-block-columns is-layout-flex wp-container-core-columns-is-layout-9d6595d7 wp-block-columns-is-layout-flex\">\n<div class=\"wp-block-column is-layout-flow wp-block-column-is-layout-flow\" style=\"flex-basis:50%\">\n<figure class=\"wp-block-image size-large is-resized\"><img loading=\"lazy\" decoding=\"async\" src=\"http:\/\/letempledartemis.com\/wp-content\/uploads\/2021\/07\/IMG_1510-1024x683.jpg\" alt=\"\" class=\"wp-image-707\" width=\"591\" height=\"395\" srcset=\"http:\/\/letempledartemis.com\/wp-content\/uploads\/2021\/07\/IMG_1510-1024x683.jpg 1024w, http:\/\/letempledartemis.com\/wp-content\/uploads\/2021\/07\/IMG_1510-300x200.jpg 300w, http:\/\/letempledartemis.com\/wp-content\/uploads\/2021\/07\/IMG_1510-768x512.jpg 768w, http:\/\/letempledartemis.com\/wp-content\/uploads\/2021\/07\/IMG_1510-1536x1024.jpg 1536w, http:\/\/letempledartemis.com\/wp-content\/uploads\/2021\/07\/IMG_1510.jpg 1920w\" sizes=\"auto, (max-width: 591px) 100vw, 591px\" \/><figcaption>Jomon&rsquo;Ko 7 ans<\/figcaption><\/figure>\n<\/div>\n\n\n\n<div class=\"wp-block-column is-layout-flow wp-block-column-is-layout-flow\" style=\"flex-basis:50%\">\n<figure class=\"wp-block-image size-large is-resized\"><img loading=\"lazy\" decoding=\"async\" src=\"http:\/\/letempledartemis.com\/wp-content\/uploads\/2021\/07\/IMG_1615-1024x683.jpg\" alt=\"\" class=\"wp-image-578\" width=\"593\" height=\"395\" srcset=\"http:\/\/letempledartemis.com\/wp-content\/uploads\/2021\/07\/IMG_1615-1024x683.jpg 1024w, http:\/\/letempledartemis.com\/wp-content\/uploads\/2021\/07\/IMG_1615-300x200.jpg 300w, http:\/\/letempledartemis.com\/wp-content\/uploads\/2021\/07\/IMG_1615-768x512.jpg 768w, http:\/\/letempledartemis.com\/wp-content\/uploads\/2021\/07\/IMG_1615-1536x1024.jpg 1536w, http:\/\/letempledartemis.com\/wp-content\/uploads\/2021\/07\/IMG_1615-501x334.jpg 501w, http:\/\/letempledartemis.com\/wp-content\/uploads\/2021\/07\/IMG_1615.jpg 1920w\" sizes=\"auto, (max-width: 593px) 100vw, 593px\" \/><figcaption>Fr\u00e8re et soeur &#8211; 7 ans<\/figcaption><\/figure>\n<\/div>\n<\/div>\n\n\n\n<p class=\"has-text-align-center\"><br><img decoding=\"async\" src=\"http:\/\/letempledartemis.fr\/resources\/Jomon+4+ans.jpg\"><br><img decoding=\"async\" src=\"http:\/\/letempledartemis.fr\/resources\/Jomon+$26+Jonker+18+mois.jpg\"><\/p>\n\n\n\n<p class=\"has-text-align-center\"><img decoding=\"async\" src=\"http:\/\/letempledartemis.fr\/resources\/Jomon+mur+image+1+an.jpg\"><\/p>\n\n\n\n<div class=\"wp-block-image\"><figure class=\"aligncenter\"><img decoding=\"async\" src=\"http:\/\/letempledartemis.fr\/resources\/Mur+image+Jomon.jpg\" alt=\"\"\/><\/figure><\/div>\n\n\n\n<p>&nbsp;.<\/p>\n\n\n\n<div class=\"wp-block-image\"><figure class=\"aligncenter\"><img decoding=\"async\" src=\"http:\/\/letempledartemis.fr\/resources\/Ped+Jomon$27ko.jpg\" alt=\"\"\/><\/figure><\/div>\n","protected":false},"excerpt":{"rendered":"<p>Jomon&rsquo;Ko Spicy Honey du Temple d&rsquo;Art\u00e9mis Flint&rsquo;on de la L\u00e9gende du Chene X &nbsp;Genkini Carini du Temple d&rsquo;Art\u00e9mis N\u00e9e le 03 Juillet 2014 &nbsp;LOF Identification &nbsp;HD \/ ED LPN &nbsp;TAN &nbsp;Cotation SCC &nbsp;32565\/6810 250269810517385&nbsp; HD : AAED : 0 &nbsp;LPN1 : N\/NLPN2 : N\/N &nbsp;Ok Voir sa page sur LOF Select &nbsp;.<\/p>\n","protected":false},"author":1,"featured_media":0,"parent":219,"menu_order":3,"comment_status":"closed","ping_status":"closed","template":"","meta":{"om_disable_all_campaigns":false,"_monsterinsights_skip_tracking":false,"_monsterinsights_sitenote_active":false,"_monsterinsights_sitenote_note":"","_monsterinsights_sitenote_category":0,"spay_email":"","footnotes":""},"class_list":["post-820","page","type-page","status-publish","hentry"],"_links":{"self":[{"href":"http:\/\/letempledartemis.com\/index.php\/wp-json\/wp\/v2\/pages\/820","targetHints":{"allow":["GET"]}}],"collection":[{"href":"http:\/\/letempledartemis.com\/index.php\/wp-json\/wp\/v2\/pages"}],"about":[{"href":"http:\/\/letempledartemis.com\/index.php\/wp-json\/wp\/v2\/types\/page"}],"author":[{"embeddable":true,"href":"http:\/\/letempledartemis.com\/index.php\/wp-json\/wp\/v2\/users\/1"}],"replies":[{"embeddable":true,"href":"http:\/\/letempledartemis.com\/index.php\/wp-json\/wp\/v2\/comments?post=820"}],"version-history":[{"count":7,"href":"http:\/\/letempledartemis.com\/index.php\/wp-json\/wp\/v2\/pages\/820\/revisions"}],"predecessor-version":[{"id":842,"href":"http:\/\/letempledartemis.com\/index.php\/wp-json\/wp\/v2\/pages\/820\/revisions\/842"}],"up":[{"embeddable":true,"href":"http:\/\/letempledartemis.com\/index.php\/wp-json\/wp\/v2\/pages\/219"}],"wp:attachment":[{"href":"http:\/\/letempledartemis.com\/index.php\/wp-json\/wp\/v2\/media?parent=820"}],"curies":[{"name":"wp","href":"https:\/\/api.w.org\/{rel}","templated":true}]}}