{"id":220,"date":"2020-05-12T03:43:05","date_gmt":"2020-05-12T03:43:05","guid":{"rendered":"http:\/\/letempledartemis.com\/index.php\/contact\/"},"modified":"2021-07-11T15:28:35","modified_gmt":"2021-07-11T15:28:35","slug":"contact","status":"publish","type":"page","link":"http:\/\/letempledartemis.com\/index.php\/contact\/","title":{"rendered":"Contact"},"content":{"rendered":"\n<p><\/p>\n\n\n\n<p><\/p>\n\n\n\n<p><\/p>\n\n\n\n<div class=\"wp-block-image\"><figure class=\"aligncenter size-large\"><img loading=\"lazy\" decoding=\"async\" width=\"941\" height=\"457\" src=\"http:\/\/letempledartemis.com\/wp-content\/uploads\/2021\/07\/contact-1.jpg\" alt=\"\" class=\"wp-image-794\" srcset=\"http:\/\/letempledartemis.com\/wp-content\/uploads\/2021\/07\/contact-1.jpg 941w, http:\/\/letempledartemis.com\/wp-content\/uploads\/2021\/07\/contact-1-300x146.jpg 300w, http:\/\/letempledartemis.com\/wp-content\/uploads\/2021\/07\/contact-1-768x373.jpg 768w\" sizes=\"auto, (max-width: 941px) 100vw, 941px\" \/><\/figure><\/div>\n\n\n\n<p><\/p>\n\n\n\n<p><\/p>\n\n\n\n<div class=\"wp-block-group alignfull has-white-background-color has-background\"><div class=\"wp-block-group__inner-container is-layout-flow wp-block-group-is-layout-flow\">\n<div class=\"wp-block-columns is-layout-flex wp-container-core-columns-is-layout-9d6595d7 wp-block-columns-is-layout-flex\">\n<div class=\"wp-block-column is-layout-flow wp-block-column-is-layout-flow\">\n<p class=\"has-large-font-size\">Pour rester en contact <\/p>\n\n\n\n<p class=\"has-medium-font-size\">03.85.25.48.16     (merci de laisser un message )<\/p>\n\n\n\n<p class=\"has-medium-font-size\">71110 Saint Didier en Brionnais <\/p>\n\n\n\n<h3 class=\"wp-block-heading\">Email<\/h3>\n\n\n\n<ul class=\"wp-block-list\"><li>leodutempledartemis@gmail.com<\/li><li>info@letempledartemis.com<\/li><\/ul>\n\n\n\n<figure class=\"wp-block-image size-large\"><img loading=\"lazy\" decoding=\"async\" width=\"960\" height=\"544\" src=\"http:\/\/letempledartemis.com\/wp-content\/uploads\/2021\/07\/cartesite.jpg\" alt=\"\" class=\"wp-image-685\" srcset=\"http:\/\/letempledartemis.com\/wp-content\/uploads\/2021\/07\/cartesite.jpg 960w, http:\/\/letempledartemis.com\/wp-content\/uploads\/2021\/07\/cartesite-300x170.jpg 300w, http:\/\/letempledartemis.com\/wp-content\/uploads\/2021\/07\/cartesite-768x435.jpg 768w\" sizes=\"auto, (max-width: 960px) 100vw, 960px\" \/><\/figure>\n<\/div>\n\n\n\n<div class=\"wp-block-column is-layout-flow wp-block-column-is-layout-flow\">\n<h2 class=\"wp-block-heading\">un petit Message ?<\/h2>\n\n\n<div class=\"wpforms-container \" id=\"wpforms-4\"><form id=\"wpforms-form-4\" class=\"wpforms-validate wpforms-form\" data-formid=\"4\" method=\"post\" enctype=\"multipart\/form-data\" action=\"\/index.php\/wp-json\/wp\/v2\/pages\/220\" data-token=\"e31fc8b16c64daf8294f3d724b6cebce\"><noscript class=\"wpforms-error-noscript\">Veuillez activer JavaScript dans votre navigateur pour remplir ce formulaire.<\/noscript><div class=\"wpforms-field-container\"><div id=\"wpforms-4-field_1-container\" class=\"wpforms-field wpforms-field-name\" data-field-id=\"1\"><label class=\"wpforms-field-label wpforms-label-hide\" for=\"wpforms-4-field_1\">Nom <span class=\"wpforms-required-label\">*<\/span><\/label><input type=\"text\" id=\"wpforms-4-field_1\" class=\"wpforms-field-large wpforms-field-required\" name=\"wpforms[fields][1]\" placeholder=\"Name\" required><\/div><div id=\"wpforms-4-field_2-container\" class=\"wpforms-field wpforms-field-number\" data-field-id=\"2\"><label class=\"wpforms-field-label wpforms-label-hide\" for=\"wpforms-4-field_2\">Num\u00e9ro de t\u00e9l\u00e9phone<\/label><input type=\"number\" pattern=\"\\d*\" id=\"wpforms-4-field_2\" class=\"wpforms-field-large\" name=\"wpforms[fields][2]\" placeholder=\"Phone Number\" ><\/div><div id=\"wpforms-4-field_3-container\" class=\"wpforms-field wpforms-field-email\" data-field-id=\"3\"><label class=\"wpforms-field-label wpforms-label-hide\" for=\"wpforms-4-field_3\">Email <span class=\"wpforms-required-label\">*<\/span><\/label><input type=\"email\" id=\"wpforms-4-field_3\" class=\"wpforms-field-large wpforms-field-required\" name=\"wpforms[fields][3]\" placeholder=\"Email\" required><\/div><div id=\"wpforms-4-field_4-container\" class=\"wpforms-field wpforms-field-textarea\" data-field-id=\"4\"><label class=\"wpforms-field-label wpforms-label-hide\" for=\"wpforms-4-field_4\">Paragraph Text<\/label><textarea id=\"wpforms-4-field_4\" class=\"wpforms-field-medium\" name=\"wpforms[fields][4]\" placeholder=\"Message\" ><\/textarea><\/div><\/div><div class=\"wpforms-field wpforms-field-hp\"><label for=\"wpforms-4-field-hp\" class=\"wpforms-field-label\">Website<\/label><input type=\"text\" name=\"wpforms[hp]\" id=\"wpforms-4-field-hp\" class=\"wpforms-field-medium\"><\/div><div class=\"wpforms-submit-container\" ><input type=\"hidden\" name=\"wpforms[id]\" value=\"4\"><input type=\"hidden\" name=\"wpforms[author]\" value=\"1\"><button type=\"submit\" name=\"wpforms[submit]\" class=\"wpforms-submit \" id=\"wpforms-submit-4\" value=\"wpforms-submit\" aria-live=\"assertive\" data-alt-text=\"Sending...\" data-submit-text=\"Submit\">Submit<\/button><\/div><\/form><\/div>  <!-- .wpforms-container -->\n\n<\/div>\n<\/div>\n<\/div><\/div>\n\n\n\n<div class=\"wp-block-group alignfull has-white-background-color has-background is-layout-flow wp-block-group-is-layout-flow\"><div class=\"wp-block-group__inner-container\"><\/div><\/div>\n","protected":false},"excerpt":{"rendered":"<p>Pour rester en contact 03.85.25.48.16 (merci de laisser un message ) 71110 Saint Didier en Brionnais Email leodutempledartemis@gmail.com info@letempledartemis.com un petit Message ?<\/p>\n","protected":false},"author":1,"featured_media":0,"parent":0,"menu_order":0,"comment_status":"closed","ping_status":"closed","template":"","meta":{"om_disable_all_campaigns":false,"_monsterinsights_skip_tracking":false,"_monsterinsights_sitenote_active":false,"_monsterinsights_sitenote_note":"","_monsterinsights_sitenote_category":0,"spay_email":"","footnotes":""},"class_list":["post-220","page","type-page","status-publish","hentry"],"_links":{"self":[{"href":"http:\/\/letempledartemis.com\/index.php\/wp-json\/wp\/v2\/pages\/220","targetHints":{"allow":["GET"]}}],"collection":[{"href":"http:\/\/letempledartemis.com\/index.php\/wp-json\/wp\/v2\/pages"}],"about":[{"href":"http:\/\/letempledartemis.com\/index.php\/wp-json\/wp\/v2\/types\/page"}],"author":[{"embeddable":true,"href":"http:\/\/letempledartemis.com\/index.php\/wp-json\/wp\/v2\/users\/1"}],"replies":[{"embeddable":true,"href":"http:\/\/letempledartemis.com\/index.php\/wp-json\/wp\/v2\/comments?post=220"}],"version-history":[{"count":7,"href":"http:\/\/letempledartemis.com\/index.php\/wp-json\/wp\/v2\/pages\/220\/revisions"}],"predecessor-version":[{"id":797,"href":"http:\/\/letempledartemis.com\/index.php\/wp-json\/wp\/v2\/pages\/220\/revisions\/797"}],"wp:attachment":[{"href":"http:\/\/letempledartemis.com\/index.php\/wp-json\/wp\/v2\/media?parent=220"}],"curies":[{"name":"wp","href":"https:\/\/api.w.org\/{rel}","templated":true}]}}